{"id":13,"date":"2022-11-05T11:53:45","date_gmt":"2022-11-05T10:53:45","guid":{"rendered":"https:\/\/musikwerkstattgeisenhausen.de\/?page_id=13"},"modified":"2024-02-28T18:52:40","modified_gmt":"2024-02-28T17:52:40","slug":"fruehfoerderung","status":"publish","type":"page","link":"https:\/\/musikwerkstattgeisenhausen.de\/?page_id=13","title":{"rendered":"Fr\u00fchf\u00f6rderung"},"content":{"rendered":"\n<p class=\"has-text-align-center\"><strong><em>Derzeit finden keine neuen Kurse in Musikalischer Fr\u00fcherziehung statt!<\/em><\/strong><\/p>\n\n\n\n<p class=\"has-text-align-center\">Musikalische Fr\u00fchf\u00f6rderung k\u00f6nnen Eltern bereits von der Geburt gemeinsam mit ihren Kindern erleben. Durch Singen, Musizieren, Bewegen und Musik h\u00f6ren wird die nat\u00fcrliche musikalische Veranlagung der Kinder geweckt und entwickelt. Einfache Instrumente wie Klangh\u00f6lzer, Gl\u00f6ckchen, Rasseln und Trommeln f\u00fchren in die Welt der Kl\u00e4nge ein.<\/p>\n\n\n\n<p class=\"has-text-align-center\">Das Ziel ist, Kinder spielerisch an Musik heranzuf\u00fchren und Musizieren zu einem festen Bestandteil des Familienlebens zu machen. Die Kinder sollen ohne Leistungserwartungen die Gelegenheit bekommen, Musik aufzunehmen und selbst zu gestalten.<\/p>\n\n\n\n<p class=\"has-text-align-center\">In einer Fr\u00fcherziehungsstunde kommen in der Regel 10 bis 12 Eltern-Kind-Paare zusammen, um Musik singend, tanzend und h\u00f6rend zu erleben. Damit wird der Grundstein f\u00fcr ein Leben mit Musik gelegt. Langzeitstudien best\u00e4tigen inzwischen den positiven Einfluss von musikalischer Fr\u00fchf\u00f6rderung auf die ganzheitliche Entwicklung des Kindes &#8211; auf die musikalische Begabung, das Sozialverhalten und das Lernen.<\/p>\n\n\n\n<p class=\"has-text-align-center\">Die Methode &#8222;Spielen mit Musik&#8220; des Holl\u00e4nders Pierre van Hauwe wird als musikalische Fr\u00fchf\u00f6rderung und elementare Musikp\u00e4dagogik in vielen L\u00e4ndern wie z.B. Holland, Deutschland, \u00d6sterreich, Portugal, Tschechien , usw. von Kindergarten bis Grundschule wie auch in vielen Musikschulen verwendet. Sie stellt eine Mischung aus grundlegenden Ideen von Carl Orff (das Instrumentarium, M\u00f6glichkeit der Pentatonik, modale Bordunbegleitung, Improvisation als musikalische Grunderfahrung), Zoltan Kodaly (Rhytmussprache) und Maria Montessori (Unterrichtsprinzipien) dar. Hauptschwerpunkt liegt im spielerischen Erlernen des Rhythmus. Weitere Elemente sind Singen und Musizieren, sowie Musikh\u00f6ren, wobei die Musik immer mit Bewegung oder Instrumenten begleitet wird. Die Kinder sollen Freude am Umgang mit dem Instrument und am gemeinsamen Musizieren haben. Das Konzept ist auf 2 Jahre ausgelegt, so dass man idealweiser die letzten 2 Jahre vor Schulbeginn mit der musikalischen Fr\u00fcherziehung beginnt und im Anschluss an das Erlernen seines Instrumentes gehen kann. <\/p>\n\n\n\n<div style=\"height:100px\" aria-hidden=\"true\" class=\"wp-block-spacer\"><\/div>\n","protected":false},"excerpt":{"rendered":"<p>Derzeit finden keine neuen Kurse in Musikalischer Fr\u00fcherziehung statt! Musikalische Fr\u00fchf\u00f6rderung k\u00f6nnen Eltern bereits von der Geburt gemeinsam mit ihren Kindern erleben. Durch Singen, Musizieren, Bewegen und Musik h\u00f6ren wird die nat\u00fcrliche musikalische Veranlagung der Kinder geweckt und entwickelt. Einfache Instrumente wie Klangh\u00f6lzer, Gl\u00f6ckchen, Rasseln und Trommeln f\u00fchren in die Welt der Kl\u00e4nge ein. Das &hellip; <\/p>\n<p class=\"link-more\"><a href=\"https:\/\/musikwerkstattgeisenhausen.de\/?page_id=13\" class=\"more-link\">Mehr <span class=\"screen-reader-text\">\u00fcber &#8222;Fr\u00fchf\u00f6rderung&#8220; <\/span>Lesen<\/a><\/p>\n","protected":false},"author":2,"featured_media":0,"parent":0,"menu_order":0,"comment_status":"closed","ping_status":"closed","template":"","meta":{"footnotes":""},"_links":{"self":[{"href":"https:\/\/musikwerkstattgeisenhausen.de\/index.php?rest_route=\/wp\/v2\/pages\/13"}],"collection":[{"href":"https:\/\/musikwerkstattgeisenhausen.de\/index.php?rest_route=\/wp\/v2\/pages"}],"about":[{"href":"https:\/\/musikwerkstattgeisenhausen.de\/index.php?rest_route=\/wp\/v2\/types\/page"}],"author":[{"embeddable":true,"href":"https:\/\/musikwerkstattgeisenhausen.de\/index.php?rest_route=\/wp\/v2\/users\/2"}],"replies":[{"embeddable":true,"href":"https:\/\/musikwerkstattgeisenhausen.de\/index.php?rest_route=%2Fwp%2Fv2%2Fcomments&post=13"}],"version-history":[{"count":5,"href":"https:\/\/musikwerkstattgeisenhausen.de\/index.php?rest_route=\/wp\/v2\/pages\/13\/revisions"}],"predecessor-version":[{"id":319,"href":"https:\/\/musikwerkstattgeisenhausen.de\/index.php?rest_route=\/wp\/v2\/pages\/13\/revisions\/319"}],"wp:attachment":[{"href":"https:\/\/musikwerkstattgeisenhausen.de\/index.php?rest_route=%2Fwp%2Fv2%2Fmedia&parent=13"}],"curies":[{"name":"wp","href":"https:\/\/api.w.org\/{rel}","templated":true}]}}